{"id":12,"date":"2025-02-28T11:36:50","date_gmt":"2025-02-28T11:36:50","guid":{"rendered":"https:\/\/psicologamaitelanda.rkinformatika.online\/?page_id=12"},"modified":"2025-03-03T08:46:49","modified_gmt":"2025-03-03T08:46:49","slug":"quienes-somos","status":"publish","type":"page","link":"https:\/\/psicologamaitelanda.com\/eu\/quienes-somos\/","title":{"rendered":"Nor garen"},"content":{"rendered":"<div data-elementor-type=\"wp-page\" data-elementor-id=\"12\" class=\"elementor elementor-12\" data-elementor-post-type=\"page\">\n\t\t\t\t\t\t<section class=\"elementor-section elementor-top-section elementor-element elementor-element-7e46a61 elementor-section-boxed elementor-section-height-default elementor-section-height-default\" data-id=\"7e46a61\" data-element_type=\"section\" data-e-type=\"section\" data-settings=\"{&quot;background_background&quot;:&quot;classic&quot;}\">\n\t\t\t\t\t\t\t<div class=\"elementor-background-overlay\"><\/div>\n\t\t\t\t\t\t\t<div class=\"elementor-container elementor-column-gap-no\">\n\t\t\t\t\t<div class=\"elementor-column elementor-col-100 elementor-top-column elementor-element elementor-element-af93401\" data-id=\"af93401\" data-element_type=\"column\" data-e-type=\"column\">\n\t\t\t<div class=\"elementor-widget-wrap elementor-element-populated\">\n\t\t\t\t\t\t<section class=\"elementor-section elementor-inner-section elementor-element elementor-element-785d855 elementor-section-boxed elementor-section-height-default elementor-section-height-default\" data-id=\"785d855\" data-element_type=\"section\" data-e-type=\"section\">\n\t\t\t\t\t\t<div class=\"elementor-container elementor-column-gap-no\">\n\t\t\t\t\t<div class=\"elementor-column elementor-col-100 elementor-inner-column elementor-element elementor-element-779ba94\" data-id=\"779ba94\" data-element_type=\"column\" data-e-type=\"column\">\n\t\t\t<div class=\"elementor-widget-wrap elementor-element-populated\">\n\t\t\t\t\t\t<div class=\"elementor-element elementor-element-39b1857 elementor-icon-list--layout-inline elementor-align-center elementor-list-item-link-full_width elementor-invisible elementor-widget elementor-widget-icon-list\" data-id=\"39b1857\" data-element_type=\"widget\" data-e-type=\"widget\" data-settings=\"{&quot;_animation&quot;:&quot;fadeInUp&quot;,&quot;_animation_delay&quot;:300}\" data-widget_type=\"icon-list.default\">\n\t\t\t\t<div class=\"elementor-widget-container\">\n\t\t\t\t\t\t\t<ul class=\"elementor-icon-list-items elementor-inline-items\">\n\t\t\t\t\t\t\t<li class=\"elementor-icon-list-item elementor-inline-item\">\n\t\t\t\t\t\t\t\t\t\t\t<a href=\"https:\/\/psicologamaitelanda.com\/eu\">\n\n\t\t\t\t\t\t\t\t\t\t\t\t<span class=\"elementor-icon-list-icon\">\n\t\t\t\t\t\t\t<svg aria-hidden=\"true\" class=\"e-font-icon-svg e-fas-home\" viewbox=\"0 0 576 512\" xmlns=\"http:\/\/www.w3.org\/2000\/svg\"><path d=\"M280.37 148.26L96 300.11V464a16 16 0 0 0 16 16l112.06-.29a16 16 0 0 0 15.92-16V368a16 16 0 0 1 16-16h64a16 16 0 0 1 16 16v95.64a16 16 0 0 0 16 16.05L464 480a16 16 0 0 0 16-16V300L295.67 148.26a12.19 12.19 0 0 0-15.3 0zM571.6 251.47L488 182.56V44.05a12 12 0 0 0-12-12h-56a12 12 0 0 0-12 12v72.61L318.47 43a48 48 0 0 0-61 0L4.34 251.47a12 12 0 0 0-1.6 16.9l25.5 31A12 12 0 0 0 45.15 301l235.22-193.74a12.19 12.19 0 0 1 15.3 0L530.9 301a12 12 0 0 0 16.9-1.6l25.5-31a12 12 0 0 0-1.7-16.93z\"><\/path><\/svg>\t\t\t\t\t\t<\/span>\n\t\t\t\t\t\t\t\t\t\t<span class=\"elementor-icon-list-text\">Inicio<\/span>\n\t\t\t\t\t\t\t\t\t\t\t<\/a>\n\t\t\t\t\t\t\t\t\t<\/li>\n\t\t\t\t\t\t\t\t<li class=\"elementor-icon-list-item elementor-inline-item\">\n\t\t\t\t\t\t\t\t\t\t\t<a href=\"https:\/\/psicologamaitelanda.com\/eu\/como-trabajamos\/\">\n\n\t\t\t\t\t\t\t\t\t\t\t\t<span class=\"elementor-icon-list-icon\">\n\t\t\t\t\t\t\t<svg aria-hidden=\"true\" class=\"e-font-icon-svg e-fas-angle-right\" viewbox=\"0 0 256 512\" xmlns=\"http:\/\/www.w3.org\/2000\/svg\"><path d=\"M224.3 273l-136 136c-9.4 9.4-24.6 9.4-33.9 0l-22.6-22.6c-9.4-9.4-9.4-24.6 0-33.9l96.4-96.4-96.4-96.4c-9.4-9.4-9.4-24.6 0-33.9L54.3 103c9.4-9.4 24.6-9.4 33.9 0l136 136c9.5 9.4 9.5 24.6.1 34z\"><\/path><\/svg>\t\t\t\t\t\t<\/span>\n\t\t\t\t\t\t\t\t\t\t<span class=\"elementor-icon-list-text\">C\u00f3mo trabajamos<\/span>\n\t\t\t\t\t\t\t\t\t\t\t<\/a>\n\t\t\t\t\t\t\t\t\t<\/li>\n\t\t\t\t\t\t<\/ul>\n\t\t\t\t\t\t<\/div>\n\t\t\t\t<\/div>\n\t\t\t\t\t<\/div>\n\t\t<\/div>\n\t\t\t\t\t<\/div>\n\t\t<\/section>\n\t\t\t\t\t<\/div>\n\t\t<\/div>\n\t\t\t\t\t<\/div>\n\t\t<\/section>\n\t\t<div class=\"elementor-element elementor-element-6eca4e2 e-flex e-con-boxed e-con e-parent\" data-id=\"6eca4e2\" data-element_type=\"container\" data-e-type=\"container\">\n\t\t\t\t\t<div class=\"e-con-inner\">\n\t\t<div class=\"elementor-element elementor-element-06a1774 e-con-full e-flex e-con e-child\" data-id=\"06a1774\" data-element_type=\"container\" data-e-type=\"container\">\n\t\t\t\t<div class=\"elementor-element elementor-element-50dec93 elementor-widget elementor-widget-text-editor\" data-id=\"50dec93\" data-element_type=\"widget\" data-e-type=\"widget\" data-widget_type=\"text-editor.default\">\n\t\t\t\t<div class=\"elementor-widget-container\">\n\t\t\t\t\t\t\t\t\t<p><strong>En psicologosamorebieta.com llevamos m\u00e1s de 15 a\u00f1os\u00a0investigando y trabajando en el \u00e1mbito educativo, de manera muy significativa en Trastornos por D\u00e9ficit de Atenci\u00f3n y en las Soluciones al Fracaso Escolar.<\/strong><\/p>\t\t\t\t\t\t\t\t<\/div>\n\t\t\t\t<\/div>\n\t\t\t\t<div class=\"elementor-element elementor-element-71d6442 elementor-widget elementor-widget-text-editor\" data-id=\"71d6442\" data-element_type=\"widget\" data-e-type=\"widget\" data-widget_type=\"text-editor.default\">\n\t\t\t\t<div class=\"elementor-widget-container\">\n\t\t\t\t\t\t\t\t\t<p>Nuestro Centro ofrece a sus servicios a\u00a0particulares\u00a0e\u00a0instituciones: Colegios, Asociaciones, etc., los servicios de Psicolog\u00eda\u00a0Educativa m\u00e1s actuales e innovadores; contando con los instrumentos de\u00a0evaluaci\u00f3n diagn\u00f3stica, asesoramiento y tratamientos\u00a0psicol\u00f3gicos y psicoeducativos\u00a0m\u00e1s eficaces y adecuados a la poblaci\u00f3n a la que nos dirigimos.<\/p>\n<p>Les invitamos a conocernos visitando nuestras instalaciones o solicitando nuestros folletos informativos sobre TDAs y otros servicios.<\/p>\t\t\t\t\t\t\t\t<\/div>\n\t\t\t\t<\/div>\n\t\t\t\t<div class=\"elementor-element elementor-element-1559054 elementor-widget elementor-widget-text-editor\" data-id=\"1559054\" data-element_type=\"widget\" data-e-type=\"widget\" data-widget_type=\"text-editor.default\">\n\t\t\t\t<div class=\"elementor-widget-container\">\n\t\t\t\t\t\t\t\t\t<p><strong>Maite Landa Cid<\/strong><br \/>Directora y Psic\u00f3loga Consultora<\/p>\n<p>Masterra Hezkuntza Psikologian eta Espezialista Arreta Defizitaren ondoriozko Nahasmenduen Ebaluazioan eta Tratamenduan.<\/p>\t\t\t\t\t\t\t\t<\/div>\n\t\t\t\t<\/div>\n\t\t\t\t<\/div>\n\t\t<div class=\"elementor-element elementor-element-d3fb537 e-con-full e-flex e-con e-child\" data-id=\"d3fb537\" data-element_type=\"container\" data-e-type=\"container\">\n\t\t\t\t<div class=\"elementor-element elementor-element-c71a615 elementor-widget__width-initial elementor-widget elementor-widget-image\" data-id=\"c71a615\" data-element_type=\"widget\" data-e-type=\"widget\" data-widget_type=\"image.default\">\n\t\t\t\t<div class=\"elementor-widget-container\">\n\t\t\t\t\t\t\t\t\t\t\t\t\t\t\t<img fetchpriority=\"high\" decoding=\"async\" width=\"300\" height=\"169\" src=\"https:\/\/psicologamaitelanda.com\/wp-content\/uploads\/2025\/03\/psicologia-amorebieta-300x169-1.jpg\" class=\"attachment-full size-full wp-image-939\" alt=\"\" srcset=\"https:\/\/psicologamaitelanda.com\/wp-content\/uploads\/2025\/03\/psicologia-amorebieta-300x169-1.jpg 300w, https:\/\/psicologamaitelanda.com\/wp-content\/uploads\/2025\/03\/psicologia-amorebieta-300x169-1-18x10.jpg 18w\" sizes=\"(max-width: 300px) 100vw, 300px\" \/>\t\t\t\t\t\t\t\t\t\t\t\t\t\t\t<\/div>\n\t\t\t\t<\/div>\n\t\t\t\t<div class=\"elementor-element elementor-element-0fc10ee elementor-widget__width-initial elementor-widget elementor-widget-image\" data-id=\"0fc10ee\" data-element_type=\"widget\" data-e-type=\"widget\" data-widget_type=\"image.default\">\n\t\t\t\t<div class=\"elementor-widget-container\">\n\t\t\t\t\t\t\t\t\t\t\t\t\t\t\t<img decoding=\"async\" width=\"300\" height=\"200\" src=\"https:\/\/psicologamaitelanda.com\/wp-content\/uploads\/2025\/03\/psicologia-bizkaia-300x200-1.jpg\" class=\"attachment-full size-full wp-image-938\" alt=\"\" srcset=\"https:\/\/psicologamaitelanda.com\/wp-content\/uploads\/2025\/03\/psicologia-bizkaia-300x200-1.jpg 300w, https:\/\/psicologamaitelanda.com\/wp-content\/uploads\/2025\/03\/psicologia-bizkaia-300x200-1-18x12.jpg 18w\" sizes=\"(max-width: 300px) 100vw, 300px\" \/>\t\t\t\t\t\t\t\t\t\t\t\t\t\t\t<\/div>\n\t\t\t\t<\/div>\n\t\t\t\t<\/div>\n\t\t<div class=\"elementor-element elementor-element-e030cb4 e-con-full elementor-hidden-tablet elementor-hidden-mobile e-flex e-con e-child\" data-id=\"e030cb4\" data-element_type=\"container\" data-e-type=\"container\" data-settings=\"{&quot;background_background&quot;:&quot;classic&quot;}\">\n\t\t\t\t<div class=\"elementor-element elementor-element-f0deed0 elementor-widget elementor-widget-counter\" data-id=\"f0deed0\" data-element_type=\"widget\" data-e-type=\"widget\" data-widget_type=\"counter.default\">\n\t\t\t\t<div class=\"elementor-widget-container\">\n\t\t\t\t\t\t\t<div class=\"elementor-counter\">\n\t\t\t<div class=\"elementor-counter-title\">A\u00f1os de experencia<\/div>\t\t\t<div class=\"elementor-counter-number-wrapper\">\n\t\t\t\t<span class=\"elementor-counter-number-prefix\">+<\/span>\n\t\t\t\t<span class=\"elementor-counter-number\" data-duration=\"2000\" data-to-value=\"15\" data-from-value=\"0\" data-delimiter=\",\">0<\/span>\n\t\t\t\t<span class=\"elementor-counter-number-suffix\"><\/span>\n\t\t\t<\/div>\n\t\t<\/div>\n\t\t\t\t\t\t<\/div>\n\t\t\t\t<\/div>\n\t\t\t\t<\/div>\n\t\t\t\t\t<\/div>\n\t\t\t\t<\/div>\n\t\t\t\t<\/div>","protected":false},"excerpt":{"rendered":"<p>Inicio C\u00f3mo trabajamos En psicologosamorebieta.com llevamos m\u00e1s de 15 a\u00f1os\u00a0investigando y trabajando en el \u00e1mbito educativo, de manera muy significativa en Trastornos por D\u00e9ficit de Atenci\u00f3n y en las Soluciones al Fracaso Escolar. Nuestro Centro ofrece a sus servicios a\u00a0particulares\u00a0e\u00a0instituciones: Colegios, Asociaciones, etc., los servicios de Psicolog\u00eda\u00a0Educativa m\u00e1s actuales e innovadores; contando con los instrumentos [&hellip;]<\/p>\n","protected":false},"author":1,"featured_media":0,"parent":0,"menu_order":0,"comment_status":"closed","ping_status":"closed","template":"elementor_canvas","meta":{"footnotes":""},"class_list":["post-12","page","type-page","status-publish","hentry"],"yoast_head":"<!-- This site is optimized with the Yoast SEO plugin v27.4 - https:\/\/yoast.com\/product\/yoast-seo-wordpress\/ -->\n<title>Qui\u00e9nes somos - Psicologos Amorebieta<\/title>\n<meta name=\"robots\" content=\"index, follow, max-snippet:-1, max-image-preview:large, max-video-preview:-1\" \/>\n<link rel=\"canonical\" href=\"https:\/\/psicologamaitelanda.com\/eu\/quienes-somos\/\" \/>\n<meta property=\"og:locale\" content=\"en_US\" \/>\n<meta property=\"og:type\" content=\"article\" \/>\n<meta property=\"og:title\" content=\"Qui\u00e9nes somos - Psicologos Amorebieta\" \/>\n<meta property=\"og:description\" content=\"Inicio C\u00f3mo trabajamos En psicologosamorebieta.com llevamos m\u00e1s de 15 a\u00f1os\u00a0investigando y trabajando en el \u00e1mbito educativo, de manera muy significativa en Trastornos por D\u00e9ficit de Atenci\u00f3n y en las Soluciones al Fracaso Escolar. Nuestro Centro ofrece a sus servicios a\u00a0particulares\u00a0e\u00a0instituciones: Colegios, Asociaciones, etc., los servicios de Psicolog\u00eda\u00a0Educativa m\u00e1s actuales e innovadores; contando con los instrumentos [&hellip;]\" \/>\n<meta property=\"og:url\" content=\"https:\/\/psicologamaitelanda.com\/eu\/quienes-somos\/\" \/>\n<meta property=\"og:site_name\" content=\"Psicologos Amorebieta\" \/>\n<meta property=\"article:modified_time\" content=\"2025-03-03T08:46:49+00:00\" \/>\n<meta property=\"og:image\" content=\"https:\/\/psicologamaitelanda.com\/wp-content\/uploads\/2025\/03\/psicologia-amorebieta-300x169-1.jpg\" \/>\n<meta name=\"twitter:card\" content=\"summary_large_image\" \/>\n<meta name=\"twitter:label1\" content=\"Est. reading time\" \/>\n\t<meta name=\"twitter:data1\" content=\"1 minutua\" \/>\n<script type=\"application\/ld+json\" class=\"yoast-schema-graph\">{\"@context\":\"https:\\\/\\\/schema.org\",\"@graph\":[{\"@type\":\"WebPage\",\"@id\":\"https:\\\/\\\/psicologamaitelanda.com\\\/quienes-somos\\\/\",\"url\":\"https:\\\/\\\/psicologamaitelanda.com\\\/quienes-somos\\\/\",\"name\":\"Qui\u00e9nes somos - Psicologos Amorebieta\",\"isPartOf\":{\"@id\":\"https:\\\/\\\/psicologamaitelanda.com\\\/#website\"},\"primaryImageOfPage\":{\"@id\":\"https:\\\/\\\/psicologamaitelanda.com\\\/quienes-somos\\\/#primaryimage\"},\"image\":{\"@id\":\"https:\\\/\\\/psicologamaitelanda.com\\\/quienes-somos\\\/#primaryimage\"},\"thumbnailUrl\":\"https:\\\/\\\/psicologamaitelanda.com\\\/wp-content\\\/uploads\\\/2025\\\/03\\\/psicologia-amorebieta-300x169-1.jpg\",\"datePublished\":\"2025-02-28T11:36:50+00:00\",\"dateModified\":\"2025-03-03T08:46:49+00:00\",\"breadcrumb\":{\"@id\":\"https:\\\/\\\/psicologamaitelanda.com\\\/quienes-somos\\\/#breadcrumb\"},\"inLanguage\":\"eu\",\"potentialAction\":[{\"@type\":\"ReadAction\",\"target\":[\"https:\\\/\\\/psicologamaitelanda.com\\\/quienes-somos\\\/\"]}]},{\"@type\":\"ImageObject\",\"inLanguage\":\"eu\",\"@id\":\"https:\\\/\\\/psicologamaitelanda.com\\\/quienes-somos\\\/#primaryimage\",\"url\":\"https:\\\/\\\/psicologamaitelanda.com\\\/wp-content\\\/uploads\\\/2025\\\/03\\\/psicologia-amorebieta-300x169-1.jpg\",\"contentUrl\":\"https:\\\/\\\/psicologamaitelanda.com\\\/wp-content\\\/uploads\\\/2025\\\/03\\\/psicologia-amorebieta-300x169-1.jpg\"},{\"@type\":\"BreadcrumbList\",\"@id\":\"https:\\\/\\\/psicologamaitelanda.com\\\/quienes-somos\\\/#breadcrumb\",\"itemListElement\":[{\"@type\":\"ListItem\",\"position\":1,\"name\":\"Portada\",\"item\":\"https:\\\/\\\/psicologamaitelanda.com\\\/\"},{\"@type\":\"ListItem\",\"position\":2,\"name\":\"Qui\u00e9nes somos\"}]},{\"@type\":\"WebSite\",\"@id\":\"https:\\\/\\\/psicologamaitelanda.com\\\/#website\",\"url\":\"https:\\\/\\\/psicologamaitelanda.com\\\/\",\"name\":\"Psicologos Amorebieta\",\"description\":\"\",\"publisher\":{\"@id\":\"https:\\\/\\\/psicologamaitelanda.com\\\/#organization\"},\"potentialAction\":[{\"@type\":\"SearchAction\",\"target\":{\"@type\":\"EntryPoint\",\"urlTemplate\":\"https:\\\/\\\/psicologamaitelanda.com\\\/?s={search_term_string}\"},\"query-input\":{\"@type\":\"PropertyValueSpecification\",\"valueRequired\":true,\"valueName\":\"search_term_string\"}}],\"inLanguage\":\"eu\"},{\"@type\":\"Organization\",\"@id\":\"https:\\\/\\\/psicologamaitelanda.com\\\/#organization\",\"name\":\"Psicologos Amorebieta\",\"url\":\"https:\\\/\\\/psicologamaitelanda.com\\\/\",\"logo\":{\"@type\":\"ImageObject\",\"inLanguage\":\"eu\",\"@id\":\"https:\\\/\\\/psicologamaitelanda.com\\\/#\\\/schema\\\/logo\\\/image\\\/\",\"url\":\"https:\\\/\\\/psicologamaitelanda.com\\\/wp-content\\\/uploads\\\/2025\\\/02\\\/cropped-psicologos-amorebieta.png\",\"contentUrl\":\"https:\\\/\\\/psicologamaitelanda.com\\\/wp-content\\\/uploads\\\/2025\\\/02\\\/cropped-psicologos-amorebieta.png\",\"width\":266,\"height\":76,\"caption\":\"Psicologos Amorebieta\"},\"image\":{\"@id\":\"https:\\\/\\\/psicologamaitelanda.com\\\/#\\\/schema\\\/logo\\\/image\\\/\"}}]}<\/script>\n<!-- \/ Yoast SEO plugin. -->","yoast_head_json":{"title":"Qui\u00e9nes somos - Psicologos Amorebieta","robots":{"index":"index","follow":"follow","max-snippet":"max-snippet:-1","max-image-preview":"max-image-preview:large","max-video-preview":"max-video-preview:-1"},"canonical":"https:\/\/psicologamaitelanda.com\/eu\/quienes-somos\/","og_locale":"en_US","og_type":"article","og_title":"Qui\u00e9nes somos - Psicologos Amorebieta","og_description":"Inicio C\u00f3mo trabajamos En psicologosamorebieta.com llevamos m\u00e1s de 15 a\u00f1os\u00a0investigando y trabajando en el \u00e1mbito educativo, de manera muy significativa en Trastornos por D\u00e9ficit de Atenci\u00f3n y en las Soluciones al Fracaso Escolar. Nuestro Centro ofrece a sus servicios a\u00a0particulares\u00a0e\u00a0instituciones: Colegios, Asociaciones, etc., los servicios de Psicolog\u00eda\u00a0Educativa m\u00e1s actuales e innovadores; contando con los instrumentos [&hellip;]","og_url":"https:\/\/psicologamaitelanda.com\/eu\/quienes-somos\/","og_site_name":"Psicologos Amorebieta","article_modified_time":"2025-03-03T08:46:49+00:00","og_image":[{"url":"https:\/\/psicologamaitelanda.com\/wp-content\/uploads\/2025\/03\/psicologia-amorebieta-300x169-1.jpg","type":"","width":"","height":""}],"twitter_card":"summary_large_image","twitter_misc":{"Est. reading time":"1 minutua"},"schema":{"@context":"https:\/\/schema.org","@graph":[{"@type":"WebPage","@id":"https:\/\/psicologamaitelanda.com\/quienes-somos\/","url":"https:\/\/psicologamaitelanda.com\/quienes-somos\/","name":"Qui\u00e9nes somos - Psicologos Amorebieta","isPartOf":{"@id":"https:\/\/psicologamaitelanda.com\/#website"},"primaryImageOfPage":{"@id":"https:\/\/psicologamaitelanda.com\/quienes-somos\/#primaryimage"},"image":{"@id":"https:\/\/psicologamaitelanda.com\/quienes-somos\/#primaryimage"},"thumbnailUrl":"https:\/\/psicologamaitelanda.com\/wp-content\/uploads\/2025\/03\/psicologia-amorebieta-300x169-1.jpg","datePublished":"2025-02-28T11:36:50+00:00","dateModified":"2025-03-03T08:46:49+00:00","breadcrumb":{"@id":"https:\/\/psicologamaitelanda.com\/quienes-somos\/#breadcrumb"},"inLanguage":"eu","potentialAction":[{"@type":"ReadAction","target":["https:\/\/psicologamaitelanda.com\/quienes-somos\/"]}]},{"@type":"ImageObject","inLanguage":"eu","@id":"https:\/\/psicologamaitelanda.com\/quienes-somos\/#primaryimage","url":"https:\/\/psicologamaitelanda.com\/wp-content\/uploads\/2025\/03\/psicologia-amorebieta-300x169-1.jpg","contentUrl":"https:\/\/psicologamaitelanda.com\/wp-content\/uploads\/2025\/03\/psicologia-amorebieta-300x169-1.jpg"},{"@type":"BreadcrumbList","@id":"https:\/\/psicologamaitelanda.com\/quienes-somos\/#breadcrumb","itemListElement":[{"@type":"ListItem","position":1,"name":"Portada","item":"https:\/\/psicologamaitelanda.com\/"},{"@type":"ListItem","position":2,"name":"Qui\u00e9nes somos"}]},{"@type":"WebSite","@id":"https:\/\/psicologamaitelanda.com\/#website","url":"https:\/\/psicologamaitelanda.com\/","name":"Psicologos Amorebieta","description":"","publisher":{"@id":"https:\/\/psicologamaitelanda.com\/#organization"},"potentialAction":[{"@type":"SearchAction","target":{"@type":"EntryPoint","urlTemplate":"https:\/\/psicologamaitelanda.com\/?s={search_term_string}"},"query-input":{"@type":"PropertyValueSpecification","valueRequired":true,"valueName":"search_term_string"}}],"inLanguage":"eu"},{"@type":"Organization","@id":"https:\/\/psicologamaitelanda.com\/#organization","name":"Psicologos Amorebieta","url":"https:\/\/psicologamaitelanda.com\/","logo":{"@type":"ImageObject","inLanguage":"eu","@id":"https:\/\/psicologamaitelanda.com\/#\/schema\/logo\/image\/","url":"https:\/\/psicologamaitelanda.com\/wp-content\/uploads\/2025\/02\/cropped-psicologos-amorebieta.png","contentUrl":"https:\/\/psicologamaitelanda.com\/wp-content\/uploads\/2025\/02\/cropped-psicologos-amorebieta.png","width":266,"height":76,"caption":"Psicologos Amorebieta"},"image":{"@id":"https:\/\/psicologamaitelanda.com\/#\/schema\/logo\/image\/"}}]}},"_links":{"self":[{"href":"https:\/\/psicologamaitelanda.com\/eu\/wp-json\/wp\/v2\/pages\/12","targetHints":{"allow":["GET"]}}],"collection":[{"href":"https:\/\/psicologamaitelanda.com\/eu\/wp-json\/wp\/v2\/pages"}],"about":[{"href":"https:\/\/psicologamaitelanda.com\/eu\/wp-json\/wp\/v2\/types\/page"}],"author":[{"embeddable":true,"href":"https:\/\/psicologamaitelanda.com\/eu\/wp-json\/wp\/v2\/users\/1"}],"replies":[{"embeddable":true,"href":"https:\/\/psicologamaitelanda.com\/eu\/wp-json\/wp\/v2\/comments?post=12"}],"version-history":[{"count":182,"href":"https:\/\/psicologamaitelanda.com\/eu\/wp-json\/wp\/v2\/pages\/12\/revisions"}],"predecessor-version":[{"id":1097,"href":"https:\/\/psicologamaitelanda.com\/eu\/wp-json\/wp\/v2\/pages\/12\/revisions\/1097"}],"wp:attachment":[{"href":"https:\/\/psicologamaitelanda.com\/eu\/wp-json\/wp\/v2\/media?parent=12"}],"curies":[{"name":"wp","href":"https:\/\/api.w.org\/{rel}","templated":true}]}}