{"id":2,"date":"2025-02-28T11:12:16","date_gmt":"2025-02-28T11:12:16","guid":{"rendered":"https:\/\/psicologamaitelanda.rkinformatika.online\/?page_id=2"},"modified":"2025-03-17T14:18:17","modified_gmt":"2025-03-17T14:18:17","slug":"inicio","status":"publish","type":"page","link":"https:\/\/psicologamaitelanda.com\/eu\/","title":{"rendered":"Inicio"},"content":{"rendered":"<div data-elementor-type=\"wp-page\" data-elementor-id=\"2\" class=\"elementor elementor-2\" data-elementor-post-type=\"page\">\n\t\t\t\t<div class=\"elementor-element elementor-element-fa11198 e-flex e-con-boxed e-con e-parent\" data-id=\"fa11198\" data-element_type=\"container\" data-e-type=\"container\" data-settings=\"{&quot;background_background&quot;:&quot;classic&quot;}\">\n\t\t\t\t\t<div class=\"e-con-inner\">\n\t\t<div class=\"elementor-element elementor-element-750f0801 e-con-full e-flex elementor-invisible e-con e-child\" data-id=\"750f0801\" data-element_type=\"container\" data-e-type=\"container\" data-settings=\"{&quot;animation&quot;:&quot;fadeInUp&quot;,&quot;animation_delay&quot;:100}\">\n\t\t\t\t<div class=\"elementor-element elementor-element-65f47827 elementor-widget elementor-widget-heading\" data-id=\"65f47827\" data-element_type=\"widget\" data-e-type=\"widget\" data-widget_type=\"heading.default\">\n\t\t\t\t<div class=\"elementor-widget-container\">\n\t\t\t\t\t<h5 class=\"elementor-heading-title elementor-size-default\">Ongi etorri<\/h5>\t\t\t\t<\/div>\n\t\t\t\t<\/div>\n\t\t\t\t<div class=\"elementor-element elementor-element-1c7b7e0 elementor-widget elementor-widget-heading\" data-id=\"1c7b7e0\" data-element_type=\"widget\" data-e-type=\"widget\" data-widget_type=\"heading.default\">\n\t\t\t\t<div class=\"elementor-widget-container\">\n\t\t\t\t\t<h5 class=\"elementor-heading-title elementor-size-default\">Maite Landa Psikologoa Aholkularia<\/h5>\t\t\t\t<\/div>\n\t\t\t\t<\/div>\n\t\t\t\t<div class=\"elementor-element elementor-element-1d4f3fa elementor-widget elementor-widget-heading\" data-id=\"1d4f3fa\" data-element_type=\"widget\" data-e-type=\"widget\" data-widget_type=\"heading.default\">\n\t\t\t\t<div class=\"elementor-widget-container\">\n\t\t\t\t\t<h5 class=\"elementor-heading-title elementor-size-default\">TDASeko espezialista<\/h5>\t\t\t\t<\/div>\n\t\t\t\t<\/div>\n\t\t\t\t<div class=\"elementor-element elementor-element-43a90702 elementor-align-left elementor-widget elementor-widget-button\" data-id=\"43a90702\" data-element_type=\"widget\" data-e-type=\"widget\" data-widget_type=\"button.default\">\n\t\t\t\t<div class=\"elementor-widget-container\">\n\t\t\t\t\t\t\t\t\t<div class=\"elementor-button-wrapper\">\n\t\t\t\t\t<a class=\"elementor-button elementor-button-link elementor-size-sm elementor-animation-pulse-grow\" href=\"https:\/\/psicologamaitelanda.com\/eu\/como-trabajamos\/\">\n\t\t\t\t\t\t<span class=\"elementor-button-content-wrapper\">\n\t\t\t\t\t\t\t\t\t<span class=\"elementor-button-text\">Gehiago jakin<\/span>\n\t\t\t\t\t<\/span>\n\t\t\t\t\t<\/a>\n\t\t\t\t<\/div>\n\t\t\t\t\t\t\t\t<\/div>\n\t\t\t\t<\/div>\n\t\t\t\t<\/div>\n\t\t\t\t\t<\/div>\n\t\t\t\t<\/div>\n\t\t<div class=\"elementor-element elementor-element-9702aa1 e-flex e-con-boxed e-con e-parent\" data-id=\"9702aa1\" data-element_type=\"container\" data-e-type=\"container\">\n\t\t\t\t\t<div class=\"e-con-inner\">\n\t\t<div class=\"elementor-element elementor-element-e6e81e1 e-con-full e-flex elementor-invisible e-con e-child\" data-id=\"e6e81e1\" data-element_type=\"container\" data-e-type=\"container\" data-settings=\"{&quot;animation&quot;:&quot;fadeInUp&quot;,&quot;animation_delay&quot;:100}\">\n\t\t\t\t<div class=\"elementor-element elementor-element-c131a56 elementor-widget elementor-widget-heading\" data-id=\"c131a56\" data-element_type=\"widget\" data-e-type=\"widget\" data-widget_type=\"heading.default\">\n\t\t\t\t<div class=\"elementor-widget-container\">\n\t\t\t\t\t<h5 class=\"elementor-heading-title elementor-size-default\">Maite Landa<\/h5>\t\t\t\t<\/div>\n\t\t\t\t<\/div>\n\t\t\t\t<div class=\"elementor-element elementor-element-c11653c elementor-widget elementor-widget-heading\" data-id=\"c11653c\" data-element_type=\"widget\" data-e-type=\"widget\" data-widget_type=\"heading.default\">\n\t\t\t\t<div class=\"elementor-widget-container\">\n\t\t\t\t\t<h2 class=\"elementor-heading-title elementor-size-default\">Amorebieta Psikologoen Aholkularitzako zuzendaria eta psikologoa<\/h2>\t\t\t\t<\/div>\n\t\t\t\t<\/div>\n\t\t\t\t<div class=\"elementor-element elementor-element-080b33f elementor-widget elementor-widget-heading\" data-id=\"080b33f\" data-element_type=\"widget\" data-e-type=\"widget\" data-widget_type=\"heading.default\">\n\t\t\t\t<div class=\"elementor-widget-container\">\n\t\t\t\t\t<h2 class=\"elementor-heading-title elementor-size-default\">Masterra Hezkuntza Psikologian eta Espezialista Arreta Defizitaren ondoriozko Nahasmenduen Ebaluazioan eta Tratamenduan.<\/h2>\t\t\t\t<\/div>\n\t\t\t\t<\/div>\n\t\t\t\t<\/div>\n\t\t<div class=\"elementor-element elementor-element-503d930 e-con-full e-flex elementor-invisible e-con e-child\" data-id=\"503d930\" data-element_type=\"container\" data-e-type=\"container\" data-settings=\"{&quot;animation&quot;:&quot;fadeInUp&quot;,&quot;animation_delay&quot;:200}\">\n\t\t\t\t<div class=\"elementor-element elementor-element-406119c elementor-widget elementor-widget-image\" data-id=\"406119c\" data-element_type=\"widget\" data-e-type=\"widget\" data-widget_type=\"image.default\">\n\t\t\t\t<div class=\"elementor-widget-container\">\n\t\t\t\t\t\t\t\t\t\t\t\t\t\t\t<img fetchpriority=\"high\" decoding=\"async\" width=\"567\" height=\"347\" src=\"https:\/\/psicologamaitelanda.com\/wp-content\/uploads\/2025\/03\/psicologos-amorebieta.jpg\" class=\"attachment-large size-large wp-image-1123\" alt=\"\" srcset=\"https:\/\/psicologamaitelanda.com\/wp-content\/uploads\/2025\/03\/psicologos-amorebieta.jpg 567w, https:\/\/psicologamaitelanda.com\/wp-content\/uploads\/2025\/03\/psicologos-amorebieta-300x184.jpg 300w, https:\/\/psicologamaitelanda.com\/wp-content\/uploads\/2025\/03\/psicologos-amorebieta-18x12.jpg 18w\" sizes=\"(max-width: 567px) 100vw, 567px\" \/>\t\t\t\t\t\t\t\t\t\t\t\t\t\t\t<\/div>\n\t\t\t\t<\/div>\n\t\t\t\t<\/div>\n\t\t\t\t\t<\/div>\n\t\t\t\t<\/div>\n\t\t<div class=\"elementor-element elementor-element-548e334c e-flex e-con-boxed e-con e-parent\" data-id=\"548e334c\" data-element_type=\"container\" data-e-type=\"container\" data-settings=\"{&quot;background_background&quot;:&quot;classic&quot;}\">\n\t\t\t\t\t<div class=\"e-con-inner\">\n\t\t\t\t<div class=\"elementor-element elementor-element-0d309d6 elementor-widget elementor-widget-heading\" data-id=\"0d309d6\" data-element_type=\"widget\" data-e-type=\"widget\" data-widget_type=\"heading.default\">\n\t\t\t\t<div class=\"elementor-widget-container\">\n\t\t\t\t\t<h2 class=\"elementor-heading-title elementor-size-default\">Ikastetxe edo elkarteentzako laguntza bilatzen duzu?<\/h2>\t\t\t\t<\/div>\n\t\t\t\t<\/div>\n\t\t\t\t<div class=\"elementor-element elementor-element-012020d elementor-widget elementor-widget-text-editor\" data-id=\"012020d\" data-element_type=\"widget\" data-e-type=\"widget\" data-widget_type=\"text-editor.default\">\n\t\t\t\t<div class=\"elementor-widget-container\">\n\t\t\t\t\t\t\t\t\t<p>Jarri gurekin harremanetan eta pozik lagunduko dizugu.<\/p>\t\t\t\t\t\t\t\t<\/div>\n\t\t\t\t<\/div>\n\t\t\t\t<div class=\"elementor-element elementor-element-741cf11 elementor-widget elementor-widget-button\" data-id=\"741cf11\" data-element_type=\"widget\" data-e-type=\"widget\" data-widget_type=\"button.default\">\n\t\t\t\t<div class=\"elementor-widget-container\">\n\t\t\t\t\t\t\t\t\t<div class=\"elementor-button-wrapper\">\n\t\t\t\t\t<a class=\"elementor-button elementor-button-link elementor-size-sm\" href=\"https:\/\/psicologamaitelanda.com\/eu\/contacto\/\">\n\t\t\t\t\t\t<span class=\"elementor-button-content-wrapper\">\n\t\t\t\t\t\t\t\t\t<span class=\"elementor-button-text\">Gehiago jakin<\/span>\n\t\t\t\t\t<\/span>\n\t\t\t\t\t<\/a>\n\t\t\t\t<\/div>\n\t\t\t\t\t\t\t\t<\/div>\n\t\t\t\t<\/div>\n\t\t\t\t\t<\/div>\n\t\t\t\t<\/div>\n\t\t\t\t<\/div>","protected":false},"excerpt":{"rendered":"<p>Bienvenidos a Maite Landa Psic\u00f3loga Consultora Especialista en TDAS Saber M\u00e1s Maite Landa Directora y Psic\u00f3loga Consultora de Psic\u00f3logos Amorebieta M\u00e1ster en Psicolog\u00eda Educativa y Especialista en la Evaluaci\u00f3n y el Tratamiento de los diversos Trastornos por D\u00e9ficit de Atenci\u00f3n. \u00bfBuscas apoyo para colegios o asociaciones? cont\u00e1ctanos y estaremos encantados de ayudarte. Saber M\u00e1s<\/p>","protected":false},"author":1,"featured_media":0,"parent":0,"menu_order":0,"comment_status":"closed","ping_status":"closed","template":"elementor_canvas","meta":{"footnotes":""},"class_list":["post-2","page","type-page","status-publish","hentry"],"yoast_head":"<!-- This site is optimized with the Yoast SEO plugin v27.4 - https:\/\/yoast.com\/product\/yoast-seo-wordpress\/ -->\n<title>Inicio - Psicologos Amorebieta<\/title>\n<meta name=\"robots\" content=\"index, follow, max-snippet:-1, max-image-preview:large, max-video-preview:-1\" \/>\n<link rel=\"canonical\" href=\"https:\/\/psicologamaitelanda.com\/eu\/\" \/>\n<meta property=\"og:locale\" content=\"en_US\" \/>\n<meta property=\"og:type\" content=\"article\" \/>\n<meta property=\"og:title\" content=\"Inicio - Psicologos Amorebieta\" \/>\n<meta property=\"og:description\" content=\"Bienvenidos a Maite Landa Psic\u00f3loga Consultora Especialista en TDAS Saber M\u00e1s Maite Landa Directora y Psic\u00f3loga Consultora de Psic\u00f3logos Amorebieta M\u00e1ster en Psicolog\u00eda Educativa y Especialista en la Evaluaci\u00f3n y el Tratamiento de los diversos Trastornos por D\u00e9ficit de Atenci\u00f3n. \u00bfBuscas apoyo para colegios o asociaciones? cont\u00e1ctanos y estaremos encantados de ayudarte. Saber M\u00e1s\" \/>\n<meta property=\"og:url\" content=\"https:\/\/psicologamaitelanda.com\/eu\/\" \/>\n<meta property=\"og:site_name\" content=\"Psicologos Amorebieta\" \/>\n<meta property=\"article:modified_time\" content=\"2025-03-17T14:18:17+00:00\" \/>\n<meta property=\"og:image\" content=\"https:\/\/psicologamaitelanda.com\/wp-content\/uploads\/2025\/03\/psicologos-amorebieta.jpg\" \/>\n<meta name=\"twitter:card\" content=\"summary_large_image\" \/>\n<meta name=\"twitter:label1\" content=\"Est. reading time\" \/>\n\t<meta name=\"twitter:data1\" content=\"1 minutua\" \/>\n<script type=\"application\/ld+json\" class=\"yoast-schema-graph\">{\"@context\":\"https:\\\/\\\/schema.org\",\"@graph\":[{\"@type\":\"WebPage\",\"@id\":\"https:\\\/\\\/psicologamaitelanda.com\\\/\",\"url\":\"https:\\\/\\\/psicologamaitelanda.com\\\/\",\"name\":\"Inicio - Psicologos Amorebieta\",\"isPartOf\":{\"@id\":\"https:\\\/\\\/psicologamaitelanda.com\\\/#website\"},\"primaryImageOfPage\":{\"@id\":\"https:\\\/\\\/psicologamaitelanda.com\\\/#primaryimage\"},\"image\":{\"@id\":\"https:\\\/\\\/psicologamaitelanda.com\\\/#primaryimage\"},\"thumbnailUrl\":\"https:\\\/\\\/psicologamaitelanda.com\\\/wp-content\\\/uploads\\\/2025\\\/03\\\/psicologos-amorebieta.jpg\",\"datePublished\":\"2025-02-28T11:12:16+00:00\",\"dateModified\":\"2025-03-17T14:18:17+00:00\",\"breadcrumb\":{\"@id\":\"https:\\\/\\\/psicologamaitelanda.com\\\/#breadcrumb\"},\"inLanguage\":\"eu\",\"potentialAction\":[{\"@type\":\"ReadAction\",\"target\":[\"https:\\\/\\\/psicologamaitelanda.com\\\/\"]}]},{\"@type\":\"ImageObject\",\"inLanguage\":\"eu\",\"@id\":\"https:\\\/\\\/psicologamaitelanda.com\\\/#primaryimage\",\"url\":\"https:\\\/\\\/psicologamaitelanda.com\\\/wp-content\\\/uploads\\\/2025\\\/03\\\/psicologos-amorebieta.jpg\",\"contentUrl\":\"https:\\\/\\\/psicologamaitelanda.com\\\/wp-content\\\/uploads\\\/2025\\\/03\\\/psicologos-amorebieta.jpg\"},{\"@type\":\"BreadcrumbList\",\"@id\":\"https:\\\/\\\/psicologamaitelanda.com\\\/#breadcrumb\",\"itemListElement\":[{\"@type\":\"ListItem\",\"position\":1,\"name\":\"Portada\",\"item\":\"https:\\\/\\\/psicologamaitelanda.com\\\/\"},{\"@type\":\"ListItem\",\"position\":2,\"name\":\"Inicio\"}]},{\"@type\":\"WebSite\",\"@id\":\"https:\\\/\\\/psicologamaitelanda.com\\\/#website\",\"url\":\"https:\\\/\\\/psicologamaitelanda.com\\\/\",\"name\":\"Psicologos Amorebieta\",\"description\":\"\",\"publisher\":{\"@id\":\"https:\\\/\\\/psicologamaitelanda.com\\\/#organization\"},\"potentialAction\":[{\"@type\":\"SearchAction\",\"target\":{\"@type\":\"EntryPoint\",\"urlTemplate\":\"https:\\\/\\\/psicologamaitelanda.com\\\/?s={search_term_string}\"},\"query-input\":{\"@type\":\"PropertyValueSpecification\",\"valueRequired\":true,\"valueName\":\"search_term_string\"}}],\"inLanguage\":\"eu\"},{\"@type\":\"Organization\",\"@id\":\"https:\\\/\\\/psicologamaitelanda.com\\\/#organization\",\"name\":\"Psicologos Amorebieta\",\"url\":\"https:\\\/\\\/psicologamaitelanda.com\\\/\",\"logo\":{\"@type\":\"ImageObject\",\"inLanguage\":\"eu\",\"@id\":\"https:\\\/\\\/psicologamaitelanda.com\\\/#\\\/schema\\\/logo\\\/image\\\/\",\"url\":\"https:\\\/\\\/psicologamaitelanda.com\\\/wp-content\\\/uploads\\\/2025\\\/02\\\/cropped-psicologos-amorebieta.png\",\"contentUrl\":\"https:\\\/\\\/psicologamaitelanda.com\\\/wp-content\\\/uploads\\\/2025\\\/02\\\/cropped-psicologos-amorebieta.png\",\"width\":266,\"height\":76,\"caption\":\"Psicologos Amorebieta\"},\"image\":{\"@id\":\"https:\\\/\\\/psicologamaitelanda.com\\\/#\\\/schema\\\/logo\\\/image\\\/\"}}]}<\/script>\n<!-- \/ Yoast SEO plugin. -->","yoast_head_json":{"title":"Inicio - Psicologos Amorebieta","robots":{"index":"index","follow":"follow","max-snippet":"max-snippet:-1","max-image-preview":"max-image-preview:large","max-video-preview":"max-video-preview:-1"},"canonical":"https:\/\/psicologamaitelanda.com\/eu\/","og_locale":"en_US","og_type":"article","og_title":"Inicio - Psicologos Amorebieta","og_description":"Bienvenidos a Maite Landa Psic\u00f3loga Consultora Especialista en TDAS Saber M\u00e1s Maite Landa Directora y Psic\u00f3loga Consultora de Psic\u00f3logos Amorebieta M\u00e1ster en Psicolog\u00eda Educativa y Especialista en la Evaluaci\u00f3n y el Tratamiento de los diversos Trastornos por D\u00e9ficit de Atenci\u00f3n. \u00bfBuscas apoyo para colegios o asociaciones? cont\u00e1ctanos y estaremos encantados de ayudarte. Saber M\u00e1s","og_url":"https:\/\/psicologamaitelanda.com\/eu\/","og_site_name":"Psicologos Amorebieta","article_modified_time":"2025-03-17T14:18:17+00:00","og_image":[{"url":"https:\/\/psicologamaitelanda.com\/wp-content\/uploads\/2025\/03\/psicologos-amorebieta.jpg","type":"","width":"","height":""}],"twitter_card":"summary_large_image","twitter_misc":{"Est. reading time":"1 minutua"},"schema":{"@context":"https:\/\/schema.org","@graph":[{"@type":"WebPage","@id":"https:\/\/psicologamaitelanda.com\/","url":"https:\/\/psicologamaitelanda.com\/","name":"Inicio - Psicologos Amorebieta","isPartOf":{"@id":"https:\/\/psicologamaitelanda.com\/#website"},"primaryImageOfPage":{"@id":"https:\/\/psicologamaitelanda.com\/#primaryimage"},"image":{"@id":"https:\/\/psicologamaitelanda.com\/#primaryimage"},"thumbnailUrl":"https:\/\/psicologamaitelanda.com\/wp-content\/uploads\/2025\/03\/psicologos-amorebieta.jpg","datePublished":"2025-02-28T11:12:16+00:00","dateModified":"2025-03-17T14:18:17+00:00","breadcrumb":{"@id":"https:\/\/psicologamaitelanda.com\/#breadcrumb"},"inLanguage":"eu","potentialAction":[{"@type":"ReadAction","target":["https:\/\/psicologamaitelanda.com\/"]}]},{"@type":"ImageObject","inLanguage":"eu","@id":"https:\/\/psicologamaitelanda.com\/#primaryimage","url":"https:\/\/psicologamaitelanda.com\/wp-content\/uploads\/2025\/03\/psicologos-amorebieta.jpg","contentUrl":"https:\/\/psicologamaitelanda.com\/wp-content\/uploads\/2025\/03\/psicologos-amorebieta.jpg"},{"@type":"BreadcrumbList","@id":"https:\/\/psicologamaitelanda.com\/#breadcrumb","itemListElement":[{"@type":"ListItem","position":1,"name":"Portada","item":"https:\/\/psicologamaitelanda.com\/"},{"@type":"ListItem","position":2,"name":"Inicio"}]},{"@type":"WebSite","@id":"https:\/\/psicologamaitelanda.com\/#website","url":"https:\/\/psicologamaitelanda.com\/","name":"Psicologos Amorebieta","description":"","publisher":{"@id":"https:\/\/psicologamaitelanda.com\/#organization"},"potentialAction":[{"@type":"SearchAction","target":{"@type":"EntryPoint","urlTemplate":"https:\/\/psicologamaitelanda.com\/?s={search_term_string}"},"query-input":{"@type":"PropertyValueSpecification","valueRequired":true,"valueName":"search_term_string"}}],"inLanguage":"eu"},{"@type":"Organization","@id":"https:\/\/psicologamaitelanda.com\/#organization","name":"Psicologos Amorebieta","url":"https:\/\/psicologamaitelanda.com\/","logo":{"@type":"ImageObject","inLanguage":"eu","@id":"https:\/\/psicologamaitelanda.com\/#\/schema\/logo\/image\/","url":"https:\/\/psicologamaitelanda.com\/wp-content\/uploads\/2025\/02\/cropped-psicologos-amorebieta.png","contentUrl":"https:\/\/psicologamaitelanda.com\/wp-content\/uploads\/2025\/02\/cropped-psicologos-amorebieta.png","width":266,"height":76,"caption":"Psicologos Amorebieta"},"image":{"@id":"https:\/\/psicologamaitelanda.com\/#\/schema\/logo\/image\/"}}]}},"_links":{"self":[{"href":"https:\/\/psicologamaitelanda.com\/eu\/wp-json\/wp\/v2\/pages\/2","targetHints":{"allow":["GET"]}}],"collection":[{"href":"https:\/\/psicologamaitelanda.com\/eu\/wp-json\/wp\/v2\/pages"}],"about":[{"href":"https:\/\/psicologamaitelanda.com\/eu\/wp-json\/wp\/v2\/types\/page"}],"author":[{"embeddable":true,"href":"https:\/\/psicologamaitelanda.com\/eu\/wp-json\/wp\/v2\/users\/1"}],"replies":[{"embeddable":true,"href":"https:\/\/psicologamaitelanda.com\/eu\/wp-json\/wp\/v2\/comments?post=2"}],"version-history":[{"count":281,"href":"https:\/\/psicologamaitelanda.com\/eu\/wp-json\/wp\/v2\/pages\/2\/revisions"}],"predecessor-version":[{"id":1402,"href":"https:\/\/psicologamaitelanda.com\/eu\/wp-json\/wp\/v2\/pages\/2\/revisions\/1402"}],"wp:attachment":[{"href":"https:\/\/psicologamaitelanda.com\/eu\/wp-json\/wp\/v2\/media?parent=2"}],"curies":[{"name":"wp","href":"https:\/\/api.w.org\/{rel}","templated":true}]}}